{"id":50736,"date":"2026-04-16T16:18:30","date_gmt":"2026-04-16T20:18:30","guid":{"rendered":"\/?page_id=50736"},"modified":"2026-04-16T16:19:56","modified_gmt":"2026-04-16T20:19:56","slug":"escapada-gold-evp-bravenly-2027-europa","status":"publish","type":"page","link":"\/es\/escapada-gold-evp-bravenly-2027-europa\/","title":{"rendered":"Escapada Gold EVP Bravenly 2027 | Europa"},"content":{"rendered":"<p>[et_pb_section fb_built=&#8221;1&#8243; admin_label=&#8221;Header&#8221; _builder_version=&#8221;4.27.4&#8243; _module_preset=&#8221;default&#8221; width=&#8221;90%&#8221; module_alignment=&#8221;center&#8221; collapsed=&#8221;on&#8221; global_colors_info=&#8221;{}&#8221;][et_pb_row _builder_version=&#8221;4.20.0&#8243; _module_preset=&#8221;default&#8221; global_colors_info=&#8221;{}&#8221;][et_pb_column type=&#8221;4_4&#8243; _builder_version=&#8221;4.20.0&#8243; _module_preset=&#8221;default&#8221; global_colors_info=&#8221;{}&#8221;][et_pb_text _builder_version=&#8221;4.27.4&#8243; _module_preset=&#8221;b9f16d62-6e1a-493e-befd-f1613ea66937&#8243; text_text_color=&#8221;gcid-primary-color&#8221; header_font=&#8221;Tenor Sans||||||||&#8221; header_3_font=&#8221;Montserrat|700|||||||&#8221; header_3_font_size=&#8221;40px&#8221; custom_margin=&#8221;||10px||false|false&#8221; header_3_font_size_tablet=&#8221;32px&#8221; header_3_font_size_phone=&#8221;22px&#8221; header_3_font_size_last_edited=&#8221;on|phone&#8221; locked=&#8221;off&#8221; global_colors_info=&#8221;{%22gcid-primary-color%22:%91%22text_text_color%22%93}&#8221;]<\/p>\n<h3 style=\"text-align: center;\">ESCAPADA GOLD EVP BRAVENLY 2027: EUROPA<\/h3>\n<div style=\"width: 300px; height: 2px; background: #55876a; margin: 10px auto 25px;\"><\/div>\n<p>[\/et_pb_text][et_pb_text _builder_version=&#8221;4.27.4&#8243; _module_preset=&#8221;739d08d5-d20f-44ea-9dbc-0d45fd00d33e&#8221; text_font=&#8221;&#8211;et_global_body_font||||||||&#8221; text_text_color=&#8221;#000000&#8243; custom_padding=&#8221;|60px||60px|false|false&#8221; global_colors_info=&#8221;{}&#8221;]<\/p>\n<p style=\"text-align: center;\">La Escapada Gold EVP 2027 con Bravenly Global es un viaje de incentivo exclusivo de alto nivel, dise\u00f1ado para reconocer a los l\u00edderes con mejor desempe\u00f1o que alcanzan el rango de Gold EVP o superior. Programado para junio de 2027 en Europa, esta experiencia elevada representa uno de los incentivos m\u00e1s prestigiosos de la compa\u00f1\u00eda, creado para celebrar el liderazgo, la consistencia y el impacto dentro del negocio. Los calificados obtienen la oportunidad de viajar internacionalmente y formar parte de una experiencia \u00fanica en la vida junto a otros grandes l\u00edderes.  <\/p>\n<p style=\"text-align: center;\"><em>Inicia sesi\u00f3n en Bravenly Home para m\u00e1s detalles y pr\u00f3ximas actualizaciones<\/em><\/p>\n<p>[\/et_pb_text][et_pb_button button_url=&#8221;https:\/\/bravenlyhome.com\/es\/gold-evp-europe-2027\/&#8221; button_text=&#8221;SABER M\u00c1S&#8221; button_alignment=&#8221;center&#8221; button_text_tablet=&#8221;SABER M\u00c1S&#8221; button_text_phone=&#8221;SABER M\u00c1S&#8221; button_text_last_edited=&#8221;on|desktop&#8221; _builder_version=&#8221;4.27.4&#8243; _module_preset=&#8221;default&#8221; custom_button=&#8221;on&#8221; button_text_size=&#8221;18px&#8221; button_text_color=&#8221;#FFFFFF&#8221; button_bg_color=&#8221;gcid-primary-color&#8221; button_border_width=&#8221;2px&#8221; button_border_color=&#8221;gcid-body-color&#8221; button_font=&#8221;Lato||||||||&#8221; custom_margin=&#8221;10px||10px||false|false&#8221; custom_padding=&#8221;10px||10px||false|false&#8221; hover_enabled=&#8221;0&#8243; locked=&#8221;off&#8221; global_colors_info=&#8221;{%22gcid-body-color%22:%91%22button_border_color%22%93,%22gcid-primary-color%22:%91%22button_bg_color%22%93}&#8221; sticky_enabled=&#8221;0&#8243;][\/et_pb_button][\/et_pb_column][\/et_pb_row][et_pb_row column_structure=&#8221;1_3,1_3,1_3&#8243; _builder_version=&#8221;4.27.4&#8243; _module_preset=&#8221;default&#8221; custom_padding=&#8221;1px|||||&#8221; locked=&#8221;off&#8221; global_colors_info=&#8221;{}&#8221;][et_pb_column type=&#8221;1_3&#8243; _builder_version=&#8221;4.20.0&#8243; _module_preset=&#8221;default&#8221; global_colors_info=&#8221;{}&#8221;][et_pb_blurb title=&#8221;FECHA:&#8221; image_icon_background_color=&#8221;#000000&#8243; image=&#8221;https:\/\/d1jeyrxw15fk4e.cloudfront.net\/wp-content\/uploads\/2026\/02\/city-icon-15-p-white.png&#8221; _builder_version=&#8221;4.27.4&#8243; _module_preset=&#8221;984a2ad1-6b28-45de-82d9-8f6e1b9f4dd8&#8243; header_level=&#8221;h3&#8243; header_font=&#8221;Montserrat|||on|||||&#8221; header_font_size=&#8221;30px&#8221; body_font=&#8221;&#8211;et_global_body_font|700|||||||&#8221; body_text_color=&#8221;#000000&#8243; body_font_size=&#8221;16px&#8221; custom_margin=&#8221;||||false|false&#8221; locked=&#8221;off&#8221; global_colors_info=&#8221;{}&#8221;]<\/p>\n<p>Junio de 2027<\/p>\n<p>[\/et_pb_blurb][\/et_pb_column][et_pb_column type=&#8221;1_3&#8243; _builder_version=&#8221;4.20.0&#8243; _module_preset=&#8221;default&#8221; global_colors_info=&#8221;{}&#8221;][et_pb_blurb title=&#8221;QUI\u00c9NES:&#8221; image_icon_background_color=&#8221;#000000&#8243; image=&#8221;https:\/\/d1jeyrxw15fk4e.cloudfront.net\/wp-content\/uploads\/2026\/03\/1.png&#8221; alt=&#8221;people icon&#8221; _builder_version=&#8221;4.27.4&#8243; _module_preset=&#8221;984a2ad1-6b28-45de-82d9-8f6e1b9f4dd8&#8243; header_level=&#8221;h3&#8243; header_font=&#8221;Montserrat|||on|||||&#8221; header_font_size=&#8221;30px&#8221; body_font=&#8221;&#8211;et_global_body_font|700|||||||&#8221; body_text_color=&#8221;#000000&#8243; body_font_size=&#8221;16px&#8221; custom_margin=&#8221;||0px||false|false&#8221; custom_margin_tablet=&#8221;||0px||false|false&#8221; custom_margin_phone=&#8221;-80px||||false|false&#8221; custom_margin_last_edited=&#8221;on|phone&#8221; locked=&#8221;off&#8221; global_colors_info=&#8221;{}&#8221;]<\/p>\n<p>Alcanzar el rango de Vicepresidente Ejecutivo Gold por primera vez durante el per\u00edodo de calificaci\u00f3n o mantener el rango durante 2 meses<\/p>\n<p>[\/et_pb_blurb][\/et_pb_column][et_pb_column type=&#8221;1_3&#8243; _builder_version=&#8221;4.27.4&#8243; _module_preset=&#8221;default&#8221; global_colors_info=&#8221;{}&#8221;][et_pb_blurb title=&#8221;DESTINO:&#8221; image_icon_background_color=&#8221;#000000&#8243; image=&#8221;https:\/\/d1jeyrxw15fk4e.cloudfront.net\/wp-content\/uploads\/2026\/03\/Untitled-design-6-2.png&#8221; alt=&#8221;people icon&#8221; _builder_version=&#8221;4.27.4&#8243; _module_preset=&#8221;984a2ad1-6b28-45de-82d9-8f6e1b9f4dd8&#8243; header_level=&#8221;h3&#8243; header_font=&#8221;Montserrat|||on|||||&#8221; header_font_size=&#8221;30px&#8221; body_font=&#8221;&#8211;et_global_body_font|700|||||||&#8221; body_text_color=&#8221;#000000&#8243; body_font_size=&#8221;16px&#8221; custom_margin=&#8221;||0px||false|false&#8221; custom_margin_tablet=&#8221;||0px||false|false&#8221; custom_margin_phone=&#8221;-80px||||false|false&#8221; custom_margin_last_edited=&#8221;on|phone&#8221; locked=&#8221;off&#8221; global_colors_info=&#8221;{}&#8221;]<\/p>\n<p>Europa<\/p>\n<p>[\/et_pb_blurb][\/et_pb_column][\/et_pb_row][\/et_pb_section][et_pb_section fb_built=&#8221;1&#8243; admin_label=&#8221;Header&#8221; _builder_version=&#8221;4.27.4&#8243; _module_preset=&#8221;default&#8221; use_background_color_gradient=&#8221;on&#8221; background_color_gradient_stops=&#8221;rgba(34,34,34,0) 0%|rgba(33,15,15,0.45) 100%&#8221; background_color_gradient_overlays_image=&#8221;on&#8221; background_image=&#8221;https:\/\/d1jeyrxw15fk4e.cloudfront.net\/wp-content\/uploads\/2026\/04\/2027-gold-evp-escape-retreat-website-image.png&#8221; parallax=&#8221;on&#8221; custom_padding=&#8221;90px||90px||true|false&#8221; locked=&#8221;off&#8221; collapsed=&#8221;on&#8221; global_colors_info=&#8221;{%22gcid-1f9b0bb3-481a-49f1-9fe6-999fc3c3182b%22:%91%22background_color_gradient_stops%22%93}&#8221;][et_pb_row _builder_version=&#8221;4.20.0&#8243; _module_preset=&#8221;default&#8221; global_colors_info=&#8221;{}&#8221;][et_pb_column type=&#8221;4_4&#8243; _builder_version=&#8221;4.20.0&#8243; _module_preset=&#8221;default&#8221; global_colors_info=&#8221;{}&#8221;][et_pb_text _builder_version=&#8221;4.27.4&#8243; _module_preset=&#8221;6e02b861-1c2f-43d5-b7ae-baea8070dac0&#8243; header_font=&#8221;Montserrat|700||on|||||&#8221; header_text_color=&#8221;#FFFFFF&#8221; header_font_size=&#8221;25px&#8221; text_orientation=&#8221;center&#8221; custom_margin=&#8221;||10px||false|false&#8221; header_font_size_tablet=&#8221;25px&#8221; header_font_size_phone=&#8221;25px&#8221; header_font_size_last_edited=&#8221;on|phone&#8221; header_text_shadow_style=&#8221;preset2&#8243; global_colors_info=&#8221;{}&#8221;]<\/p>\n<h1>\u00a1No pierdas la oportunidad de vivir Europa con nosotros!<\/h1>\n<p>[\/et_pb_text][et_pb_button button_url=&#8221;https:\/\/bravenlyhome.com\/es\/gold-evp-europe-2027\/&#8221; button_text=&#8221;DETALLES PARA SOCIOS DE MARCA&#8221; button_alignment=&#8221;center&#8221; button_text_tablet=&#8221;DETALLES PARA SOCIOS DE MARCA&#8221; button_text_phone=&#8221;DETALLES PARA SOCIOS DE MARCA&#8221; button_text_last_edited=&#8221;on|phone&#8221; _builder_version=&#8221;4.27.4&#8243; _module_preset=&#8221;default&#8221; custom_button=&#8221;on&#8221; button_text_size=&#8221;18px&#8221; button_text_color=&#8221;gcid-primary-color&#8221; button_bg_color=&#8221;#FFFFFF&#8221; button_border_width=&#8221;0px&#8221; button_border_color=&#8221;gcid-body-color&#8221; button_font=&#8221;Lato||||||||&#8221; custom_margin=&#8221;10px|10px|10px|10px|false|false&#8221; custom_padding=&#8221;10px||10px||false|false&#8221; hover_enabled=&#8221;0&#8243; locked=&#8221;off&#8221; global_colors_info=&#8221;{%22gcid-body-color%22:%91%22button_border_color%22%93,%22gcid-primary-color%22:%91%22button_text_color%22%93}&#8221; sticky_enabled=&#8221;0&#8243;][\/et_pb_button][\/et_pb_column][\/et_pb_row][\/et_pb_section]<\/p>\n","protected":false},"excerpt":{"rendered":"<p>ESCAPADA GOLD EVP BRAVENLY 2027: EUROPA La Escapada Gold EVP 2027 con Bravenly Global es un viaje de incentivo exclusivo de alto nivel, dise\u00f1ado para reconocer a los l\u00edderes con mejor desempe\u00f1o que alcanzan el rango de Gold EVP o superior. Programado para junio de 2027 en Europa, esta experiencia elevada representa uno de los [&hellip;]<\/p>\n","protected":false},"author":191432663,"featured_media":0,"parent":0,"menu_order":0,"comment_status":"closed","ping_status":"closed","template":"","meta":{"_et_pb_use_builder":"on","_et_pb_old_content":"","_et_gb_content_width":"","_coblocks_attr":"","_coblocks_dimensions":"","_coblocks_responsive_height":"","_coblocks_accordion_ie_support":"","footnotes":""},"class_list":["post-50736","page","type-page","status-publish","hentry"],"_links":{"self":[{"href":"https:\/\/doublebwellness.bravenlyglobal.com\/es\/wp-json\/wp\/v2\/pages\/50736","targetHints":{"allow":["GET"]}}],"collection":[{"href":"https:\/\/doublebwellness.bravenlyglobal.com\/es\/wp-json\/wp\/v2\/pages"}],"about":[{"href":"https:\/\/doublebwellness.bravenlyglobal.com\/es\/wp-json\/wp\/v2\/types\/page"}],"author":[{"embeddable":true,"href":"https:\/\/doublebwellness.bravenlyglobal.com\/es\/wp-json\/wp\/v2\/users\/191432663"}],"replies":[{"embeddable":true,"href":"https:\/\/doublebwellness.bravenlyglobal.com\/es\/wp-json\/wp\/v2\/comments?post=50736"}],"version-history":[{"count":3,"href":"https:\/\/doublebwellness.bravenlyglobal.com\/es\/wp-json\/wp\/v2\/pages\/50736\/revisions"}],"predecessor-version":[{"id":50739,"href":"https:\/\/doublebwellness.bravenlyglobal.com\/es\/wp-json\/wp\/v2\/pages\/50736\/revisions\/50739"}],"wp:attachment":[{"href":"https:\/\/doublebwellness.bravenlyglobal.com\/es\/wp-json\/wp\/v2\/media?parent=50736"}],"curies":[{"name":"wp","href":"https:\/\/api.w.org\/{rel}","templated":true}]}}